{"id":2150,"date":"2026-04-18T16:38:10","date_gmt":"2026-04-18T22:38:10","guid":{"rendered":"https:\/\/terracosta.com.mx\/?page_id=2150"},"modified":"2026-04-21T14:19:49","modified_gmt":"2026-04-21T20:19:49","slug":"aviso-legal","status":"publish","type":"page","link":"https:\/\/terracosta.com.mx\/en\/aviso-legal\/","title":{"rendered":"Legal Notice"},"content":{"rendered":"<h1 class=\"wp-block-heading has-xxlarge-font-size\">Legal Notice<\/h1>\n\n\n\n<h2 class=\"wp-block-heading\">1. Naturaleza de la informaci\u00f3n<\/h2>\n\n\n\n<p>La informaci\u00f3n contenida en este sitio web tiene fines exclusivamente informativos y comerciales. No constituye asesor\u00eda legal, financiera, fiscal o de inversi\u00f3n.<\/p>\n\n\n\n<hr class=\"wp-block-separator has-alpha-channel-opacity\"\/>\n\n\n\n<h2 class=\"wp-block-heading\">2. Oportunidades de inversi\u00f3n<\/h2>\n\n\n\n<p>Las propiedades, desarrollos y oportunidades de inversi\u00f3n presentadas en este sitio:<\/p>\n\n\n\n<ul class=\"wp-block-list\">\n<li>No garantizan rendimientos espec\u00edficos<\/li>\n\n\n\n<li>Est\u00e1n sujetas a condiciones de mercado<\/li>\n\n\n\n<li>Deben ser evaluadas individualmente por cada interesado<\/li>\n<\/ul>\n\n\n\n<p>Se recomienda al usuario realizar un an\u00e1lisis independiente y, en su caso, consultar con asesores profesionales antes de tomar decisiones de inversi\u00f3n.<\/p>\n\n\n\n<hr class=\"wp-block-separator has-alpha-channel-opacity\"\/>\n\n\n\n<h2 class=\"wp-block-heading\">3. Exactitud de la informaci\u00f3n<\/h2>\n\n\n\n<p>Si bien se realizan esfuerzos razonables para mantener la informaci\u00f3n actualizada y precisa, el Titular no garantiza:<\/p>\n\n\n\n<ul class=\"wp-block-list\">\n<li>La exactitud total de la informaci\u00f3n<\/li>\n\n\n\n<li>La disponibilidad inmediata de las propiedades<\/li>\n\n\n\n<li>La vigencia de precios o condiciones<\/li>\n<\/ul>\n\n\n\n<p>La informaci\u00f3n puede ser modificada sin previo aviso.<\/p>\n\n\n\n<hr class=\"wp-block-separator has-alpha-channel-opacity\"\/>\n\n\n\n<h2 class=\"wp-block-heading\">4. Material visual<\/h2>\n\n\n\n<p>Las im\u00e1genes, renders, planos y materiales visuales presentados en el sitio pueden ser ilustrativos y no representan necesariamente el producto final.<\/p>\n\n\n\n<hr class=\"wp-block-separator has-alpha-channel-opacity\"\/>\n\n\n\n<h2 class=\"wp-block-heading\">5. Limitaci\u00f3n de responsabilidad<\/h2>\n\n\n\n<p>El Titular no ser\u00e1 responsable por:<\/p>\n\n\n\n<ul class=\"wp-block-list\">\n<li>P\u00e9rdidas o da\u00f1os derivados del uso de la informaci\u00f3n contenida en el sitio<\/li>\n\n\n\n<li>Decisiones de compra o inversi\u00f3n tomadas por el usuario<\/li>\n\n\n\n<li>Interpretaciones err\u00f3neas de la informaci\u00f3n publicada<\/li>\n<\/ul>\n\n\n\n<hr class=\"wp-block-separator has-alpha-channel-opacity\"\/>\n\n\n\n<h2 class=\"wp-block-heading\">6. Uso del sitio<\/h2>\n\n\n\n<p>El uso de este sitio web implica la aceptaci\u00f3n del presente Aviso Legal y de los T\u00e9rminos y Condiciones correspondientes.<\/p>\n\n\n\n<hr class=\"wp-block-separator has-alpha-channel-opacity\"\/>\n\n\n\n<h2 class=\"wp-block-heading\">7. Actualizaciones<\/h2>\n\n\n\n<p>El Titular se reserva el derecho de modificar este Aviso Legal en cualquier momento, sin previo aviso.<\/p>","protected":false},"excerpt":{"rendered":"<p>Aviso Legal 1. Naturaleza de la informaci\u00f3n La informaci\u00f3n contenida en este sitio web tiene fines exclusivamente informativos y comerciales. No constituye asesor\u00eda legal, financiera, fiscal o de inversi\u00f3n. 2. Oportunidades de inversi\u00f3n Las propiedades, desarrollos y oportunidades de inversi\u00f3n presentadas en este sitio: Se recomienda al usuario realizar un an\u00e1lisis independiente y, en su&#8230;<\/p>","protected":false},"author":2,"featured_media":0,"parent":0,"menu_order":15,"comment_status":"closed","ping_status":"closed","template":"","meta":{"_kad_post_transparent":"","_kad_post_title":"","_kad_post_layout":"","_kad_post_sidebar_id":"","_kad_post_content_style":"","_kad_post_vertical_padding":"","_kad_post_feature":"","_kad_post_feature_position":"","_kad_post_header":false,"_kad_post_footer":false,"_kad_post_classname":"","footnotes":""},"class_list":["post-2150","page","type-page","status-publish","hentry"],"_links":{"self":[{"href":"https:\/\/terracosta.com.mx\/en\/wp-json\/wp\/v2\/pages\/2150","targetHints":{"allow":["GET"]}}],"collection":[{"href":"https:\/\/terracosta.com.mx\/en\/wp-json\/wp\/v2\/pages"}],"about":[{"href":"https:\/\/terracosta.com.mx\/en\/wp-json\/wp\/v2\/types\/page"}],"author":[{"embeddable":true,"href":"https:\/\/terracosta.com.mx\/en\/wp-json\/wp\/v2\/users\/2"}],"replies":[{"embeddable":true,"href":"https:\/\/terracosta.com.mx\/en\/wp-json\/wp\/v2\/comments?post=2150"}],"version-history":[{"count":0,"href":"https:\/\/terracosta.com.mx\/en\/wp-json\/wp\/v2\/pages\/2150\/revisions"}],"wp:attachment":[{"href":"https:\/\/terracosta.com.mx\/en\/wp-json\/wp\/v2\/media?parent=2150"}],"curies":[{"name":"wp","href":"https:\/\/api.w.org\/{rel}","templated":true}]}}