{"id":171,"date":"2021-09-13T23:09:31","date_gmt":"2021-09-13T23:09:31","guid":{"rendered":"https:\/\/terracosta.com.mx\/?page_id=171"},"modified":"2026-05-01T13:56:18","modified_gmt":"2026-05-01T19:56:18","slug":"property-management-original","status":"publish","type":"page","link":"https:\/\/terracosta.com.mx\/en\/property-management-original\/","title":{"rendered":"Property Management ORIGINAL"},"content":{"rendered":"<figure class=\"wp-block-image size-large is-resized is-style-rounded coblocks-animate\" data-coblocks-animation=\"slideInLeft\"><img loading=\"lazy\" decoding=\"async\" src=\"https:\/\/terracosta.com.mx\/wp-content\/uploads\/2024\/11\/Captura-de-Pantalla-2024-11-07-a-las-17.26.45-1024x130.png\" alt=\"\" class=\"wp-image-1262\" width=\"450\" height=\"57\" srcset=\"https:\/\/terracosta.com.mx\/wp-content\/uploads\/2024\/11\/Captura-de-Pantalla-2024-11-07-a-las-17.26.45-1024x130.png 1024w, https:\/\/terracosta.com.mx\/wp-content\/uploads\/2024\/11\/Captura-de-Pantalla-2024-11-07-a-las-17.26.45-300x38.png 300w, https:\/\/terracosta.com.mx\/wp-content\/uploads\/2024\/11\/Captura-de-Pantalla-2024-11-07-a-las-17.26.45-768x98.png 768w, https:\/\/terracosta.com.mx\/wp-content\/uploads\/2024\/11\/Captura-de-Pantalla-2024-11-07-a-las-17.26.45.png 1370w\" sizes=\"auto, (max-width: 450px) 100vw, 450px\" \/><\/figure>\n\n\n\n<p>In Puerto Escondido, property management goes beyond offering a cozy space. <\/p>\n\n\n\n<p><\/p>\n\n\n\n<p>It's about delivering exceptional guest experiences while maintaining your property in pristine condition. <\/p>\n\n\n\n<p><\/p>\n\n\n\n<div style=\"height:15px\" aria-hidden=\"true\" class=\"wp-block-spacer\"><\/div>\n\n\n\n<figure class=\"wp-block-gallery columns-2 is-cropped coblocks-animate wp-block-gallery-1 is-layout-flex wp-block-gallery-is-layout-flex\" data-coblocks-animation=\"slideInLeft\"><ul class=\"blocks-gallery-grid\"><li class=\"blocks-gallery-item\"><figure><img loading=\"lazy\" decoding=\"async\" width=\"819\" height=\"1024\" src=\"https:\/\/terracosta.com.mx\/wp-content\/uploads\/2024\/11\/6AB7ACFE-DE9C-4158-8034-9A3EE00A6C8D-819x1024.jpg\" alt=\"\" data-id=\"1678\" data-full-url=\"https:\/\/terracosta.com.mx\/wp-content\/uploads\/2024\/11\/6AB7ACFE-DE9C-4158-8034-9A3EE00A6C8D.jpg\" data-link=\"https:\/\/terracosta.com.mx\/property-management-puerto-escondido\/6ab7acfe-de9c-4158-8034-9a3ee00a6c8d\/\" class=\"wp-image-1678\" srcset=\"https:\/\/terracosta.com.mx\/wp-content\/uploads\/2024\/11\/6AB7ACFE-DE9C-4158-8034-9A3EE00A6C8D-819x1024.jpg 819w, https:\/\/terracosta.com.mx\/wp-content\/uploads\/2024\/11\/6AB7ACFE-DE9C-4158-8034-9A3EE00A6C8D-240x300.jpg 240w, https:\/\/terracosta.com.mx\/wp-content\/uploads\/2024\/11\/6AB7ACFE-DE9C-4158-8034-9A3EE00A6C8D-768x960.jpg 768w, https:\/\/terracosta.com.mx\/wp-content\/uploads\/2024\/11\/6AB7ACFE-DE9C-4158-8034-9A3EE00A6C8D-1229x1536.jpg 1229w, https:\/\/terracosta.com.mx\/wp-content\/uploads\/2024\/11\/6AB7ACFE-DE9C-4158-8034-9A3EE00A6C8D.jpg 1440w\" sizes=\"auto, (max-width: 819px) 100vw, 819px\" \/><\/figure><\/li><li class=\"blocks-gallery-item\"><figure><img loading=\"lazy\" decoding=\"async\" width=\"777\" height=\"1024\" src=\"https:\/\/terracosta.com.mx\/wp-content\/uploads\/2024\/11\/Captura-de-Pantalla-2024-11-25-a-las-14.57.08-777x1024.png\" alt=\"\" data-id=\"1680\" data-full-url=\"https:\/\/terracosta.com.mx\/wp-content\/uploads\/2024\/11\/Captura-de-Pantalla-2024-11-25-a-las-14.57.08.png\" data-link=\"https:\/\/terracosta.com.mx\/property-management-puerto-escondido\/captura-de-pantalla-2024-11-25-a-las-14-57-08\/\" class=\"wp-image-1680\" srcset=\"https:\/\/terracosta.com.mx\/wp-content\/uploads\/2024\/11\/Captura-de-Pantalla-2024-11-25-a-las-14.57.08-777x1024.png 777w, https:\/\/terracosta.com.mx\/wp-content\/uploads\/2024\/11\/Captura-de-Pantalla-2024-11-25-a-las-14.57.08-228x300.png 228w, https:\/\/terracosta.com.mx\/wp-content\/uploads\/2024\/11\/Captura-de-Pantalla-2024-11-25-a-las-14.57.08-768x1012.png 768w, https:\/\/terracosta.com.mx\/wp-content\/uploads\/2024\/11\/Captura-de-Pantalla-2024-11-25-a-las-14.57.08.png 1088w\" sizes=\"auto, (max-width: 777px) 100vw, 777px\" \/><\/figure><\/li><\/ul><\/figure>\n\n\n\n<div style=\"height:7px\" aria-hidden=\"true\" class=\"wp-block-spacer\"><\/div>\n\n\n\n<p>We handle every detail so you can sit back and watch your returns grow, while your guests enjoy an authentic and unforgettable experience in this vibrant coastal city.<\/p>\n\n\n\n<div style=\"height:6px\" aria-hidden=\"true\" class=\"wp-block-spacer\"><\/div>\n\n\n\n<div class=\"wp-block-buttons is-content-justification-center is-layout-flex wp-block-buttons-is-layout-flex\">\n<div class=\"wp-block-button\"><a class=\"wp-block-button__link has-quaternary-color has-secondary-background-color has-text-color has-background\" href=\"https:\/\/terracosta.com.mx\/en\/blog-terracosta-puerto-escondido\/\">Check our blog to know more<\/a><\/div>\n<\/div>\n\n\n\n<h3 class=\"wp-block-heading\">Our Hospitality Team<\/h3>\n\n\n\n<div style=\"height:8px\" aria-hidden=\"true\" class=\"wp-block-spacer\"><\/div>\n\n\n\n<p>We are a team dedicated exclusively to coastal hospitality, committed to responding quickly and effectively to the unique challenges of life by the sea.<\/p>\n\n\n\n<div style=\"height:6px\" aria-hidden=\"true\" class=\"wp-block-spacer\"><\/div>\n\n\n\n<figure class=\"wp-block-gallery columns-3 is-cropped wp-block-gallery-2 is-layout-flex wp-block-gallery-is-layout-flex\"><ul class=\"blocks-gallery-grid\"><li class=\"blocks-gallery-item\"><figure><img loading=\"lazy\" decoding=\"async\" width=\"984\" height=\"1024\" src=\"https:\/\/terracosta.com.mx\/wp-content\/uploads\/2025\/01\/IMG_6658-984x1024.jpg\" alt=\"\" data-id=\"1943\" data-full-url=\"https:\/\/terracosta.com.mx\/wp-content\/uploads\/2025\/01\/IMG_6658.jpg\" data-link=\"https:\/\/terracosta.com.mx\/property-management-puerto-escondido\/img_6658\/\" class=\"wp-image-1943\" srcset=\"https:\/\/terracosta.com.mx\/wp-content\/uploads\/2025\/01\/IMG_6658-984x1024.jpg 984w, https:\/\/terracosta.com.mx\/wp-content\/uploads\/2025\/01\/IMG_6658-288x300.jpg 288w, https:\/\/terracosta.com.mx\/wp-content\/uploads\/2025\/01\/IMG_6658-768x799.jpg 768w, https:\/\/terracosta.com.mx\/wp-content\/uploads\/2025\/01\/IMG_6658-12x12.jpg 12w, https:\/\/terracosta.com.mx\/wp-content\/uploads\/2025\/01\/IMG_6658.jpg 1077w\" sizes=\"auto, (max-width: 984px) 100vw, 984px\" \/><\/figure><\/li><li class=\"blocks-gallery-item\"><figure><img loading=\"lazy\" decoding=\"async\" width=\"769\" height=\"1024\" src=\"https:\/\/terracosta.com.mx\/wp-content\/uploads\/2024\/11\/Captura-de-Pantalla-2024-11-25-a-las-14.51.20-1-769x1024.png\" alt=\"\" data-id=\"1690\" data-full-url=\"https:\/\/terracosta.com.mx\/wp-content\/uploads\/2024\/11\/Captura-de-Pantalla-2024-11-25-a-las-14.51.20-1.png\" data-link=\"https:\/\/terracosta.com.mx\/property-management-puerto-escondido\/captura-de-pantalla-2024-11-25-a-las-14-51-20-2\/\" class=\"wp-image-1690\" srcset=\"https:\/\/terracosta.com.mx\/wp-content\/uploads\/2024\/11\/Captura-de-Pantalla-2024-11-25-a-las-14.51.20-1-769x1024.png 769w, https:\/\/terracosta.com.mx\/wp-content\/uploads\/2024\/11\/Captura-de-Pantalla-2024-11-25-a-las-14.51.20-1-225x300.png 225w, https:\/\/terracosta.com.mx\/wp-content\/uploads\/2024\/11\/Captura-de-Pantalla-2024-11-25-a-las-14.51.20-1-768x1022.png 768w, https:\/\/terracosta.com.mx\/wp-content\/uploads\/2024\/11\/Captura-de-Pantalla-2024-11-25-a-las-14.51.20-1.png 882w\" sizes=\"auto, (max-width: 769px) 100vw, 769px\" \/><\/figure><\/li><li class=\"blocks-gallery-item\"><figure><img loading=\"lazy\" decoding=\"async\" width=\"994\" height=\"1024\" src=\"https:\/\/terracosta.com.mx\/wp-content\/uploads\/2024\/11\/Captura-de-Pantalla-2024-11-25-a-las-15.16.47-994x1024.png\" alt=\"\" data-id=\"1692\" data-full-url=\"https:\/\/terracosta.com.mx\/wp-content\/uploads\/2024\/11\/Captura-de-Pantalla-2024-11-25-a-las-15.16.47.png\" data-link=\"https:\/\/terracosta.com.mx\/property-management-puerto-escondido\/captura-de-pantalla-2024-11-25-a-las-15-16-47\/\" class=\"wp-image-1692\" srcset=\"https:\/\/terracosta.com.mx\/wp-content\/uploads\/2024\/11\/Captura-de-Pantalla-2024-11-25-a-las-15.16.47-994x1024.png 994w, https:\/\/terracosta.com.mx\/wp-content\/uploads\/2024\/11\/Captura-de-Pantalla-2024-11-25-a-las-15.16.47-291x300.png 291w, https:\/\/terracosta.com.mx\/wp-content\/uploads\/2024\/11\/Captura-de-Pantalla-2024-11-25-a-las-15.16.47-768x791.png 768w, https:\/\/terracosta.com.mx\/wp-content\/uploads\/2024\/11\/Captura-de-Pantalla-2024-11-25-a-las-15.16.47.png 1344w\" sizes=\"auto, (max-width: 994px) 100vw, 994px\" \/><\/figure><\/li><\/ul><\/figure>\n\n\n\n<figure class=\"wp-block-gallery columns-1 is-cropped wp-block-gallery-3 is-layout-flex wp-block-gallery-is-layout-flex\"><ul class=\"blocks-gallery-grid\"><li class=\"blocks-gallery-item\"><figure><img loading=\"lazy\" decoding=\"async\" width=\"1024\" height=\"576\" src=\"https:\/\/terracosta.com.mx\/wp-content\/uploads\/2025\/01\/LaGemaEscondida-330-6J4A9361-scaled-1-1024x576.webp\" alt=\"\" data-id=\"1911\" data-full-url=\"https:\/\/terracosta.com.mx\/wp-content\/uploads\/2025\/01\/LaGemaEscondida-330-6J4A9361-scaled-1.webp\" data-link=\"https:\/\/terracosta.com.mx\/property-management-puerto-escondido\/lagemaescondida-330-6j4a9361-scaled-1\/\" class=\"wp-image-1911\" srcset=\"https:\/\/terracosta.com.mx\/wp-content\/uploads\/2025\/01\/LaGemaEscondida-330-6J4A9361-scaled-1-1024x576.webp 1024w, https:\/\/terracosta.com.mx\/wp-content\/uploads\/2025\/01\/LaGemaEscondida-330-6J4A9361-scaled-1-300x169.webp 300w, https:\/\/terracosta.com.mx\/wp-content\/uploads\/2025\/01\/LaGemaEscondida-330-6J4A9361-scaled-1-768x432.webp 768w, https:\/\/terracosta.com.mx\/wp-content\/uploads\/2025\/01\/LaGemaEscondida-330-6J4A9361-scaled-1-1536x864.webp 1536w, https:\/\/terracosta.com.mx\/wp-content\/uploads\/2025\/01\/LaGemaEscondida-330-6J4A9361-scaled-1-2048x1152.webp 2048w, https:\/\/terracosta.com.mx\/wp-content\/uploads\/2025\/01\/LaGemaEscondida-330-6J4A9361-scaled-1-18x10.webp 18w\" sizes=\"auto, (max-width: 1024px) 100vw, 1024px\" \/><\/figure><\/li><\/ul><\/figure>\n\n\n\n<p class=\"has-text-align-center has-primary-color has-text-color has-large-font-size\"><strong><a href=\"https:\/\/wa.me\/message\/VROUHWUZTZMOI1\" data-type=\"URL\" data-id=\"https:\/\/wa.me\/message\/VROUHWUZTZMOI1\">Contact us and let's work together to maximize your property's potential.<\/a><\/strong><\/p>\n\n\n\n<div style=\"height:15px\" aria-hidden=\"true\" class=\"wp-block-spacer\"><\/div>\n\n\n\n<h3 class=\"wp-block-heading\">Our Guests<\/h3>\n\n\n\n<p>With over 700 excellent reviews on Airbnb, we stand out for meeting and exceeding the expectations of our guests.<\/p>\n\n\n\n<figure class=\"wp-block-gallery aligncenter columns-2 is-cropped coblocks-animate wp-block-gallery-4 is-layout-flex wp-block-gallery-is-layout-flex\" data-coblocks-animation=\"slideInRight\"><ul class=\"blocks-gallery-grid\"><li class=\"blocks-gallery-item\"><figure><img loading=\"lazy\" decoding=\"async\" width=\"752\" height=\"476\" src=\"https:\/\/terracosta.com.mx\/wp-content\/uploads\/2024\/11\/Captura-de-Pantalla-2024-11-25-a-las-13.06.57.png\" alt=\"\" data-id=\"1644\" data-full-url=\"https:\/\/terracosta.com.mx\/wp-content\/uploads\/2024\/11\/Captura-de-Pantalla-2024-11-25-a-las-13.06.57.png\" data-link=\"https:\/\/terracosta.com.mx\/property-management-puerto-escondido\/captura-de-pantalla-2024-11-25-a-las-13-06-57\/\" class=\"wp-image-1644\" srcset=\"https:\/\/terracosta.com.mx\/wp-content\/uploads\/2024\/11\/Captura-de-Pantalla-2024-11-25-a-las-13.06.57.png 752w, https:\/\/terracosta.com.mx\/wp-content\/uploads\/2024\/11\/Captura-de-Pantalla-2024-11-25-a-las-13.06.57-300x190.png 300w\" sizes=\"auto, (max-width: 752px) 100vw, 752px\" \/><\/figure><\/li><li class=\"blocks-gallery-item\"><figure><img loading=\"lazy\" decoding=\"async\" width=\"752\" height=\"470\" src=\"https:\/\/terracosta.com.mx\/wp-content\/uploads\/2024\/11\/Captura-de-Pantalla-2024-11-25-a-las-13.07.46.png\" alt=\"\" data-id=\"1646\" data-full-url=\"https:\/\/terracosta.com.mx\/wp-content\/uploads\/2024\/11\/Captura-de-Pantalla-2024-11-25-a-las-13.07.46.png\" data-link=\"https:\/\/terracosta.com.mx\/property-management-puerto-escondido\/captura-de-pantalla-2024-11-25-a-las-13-07-46\/\" class=\"wp-image-1646\" srcset=\"https:\/\/terracosta.com.mx\/wp-content\/uploads\/2024\/11\/Captura-de-Pantalla-2024-11-25-a-las-13.07.46.png 752w, https:\/\/terracosta.com.mx\/wp-content\/uploads\/2024\/11\/Captura-de-Pantalla-2024-11-25-a-las-13.07.46-300x188.png 300w\" sizes=\"auto, (max-width: 752px) 100vw, 752px\" \/><\/figure><\/li><\/ul><\/figure>\n\n\n\n<figure class=\"wp-block-image size-large\"><img loading=\"lazy\" decoding=\"async\" width=\"1024\" height=\"346\" src=\"https:\/\/terracosta.com.mx\/wp-content\/uploads\/2024\/11\/Captura-de-Pantalla-2024-11-25-a-las-13.51.00-1024x346.png\" alt=\"\" class=\"wp-image-1661\" srcset=\"https:\/\/terracosta.com.mx\/wp-content\/uploads\/2024\/11\/Captura-de-Pantalla-2024-11-25-a-las-13.51.00-1024x346.png 1024w, https:\/\/terracosta.com.mx\/wp-content\/uploads\/2024\/11\/Captura-de-Pantalla-2024-11-25-a-las-13.51.00-300x101.png 300w, https:\/\/terracosta.com.mx\/wp-content\/uploads\/2024\/11\/Captura-de-Pantalla-2024-11-25-a-las-13.51.00-768x260.png 768w, https:\/\/terracosta.com.mx\/wp-content\/uploads\/2024\/11\/Captura-de-Pantalla-2024-11-25-a-las-13.51.00.png 1290w\" sizes=\"auto, (max-width: 1024px) 100vw, 1024px\" \/><\/figure>\n\n\n\n<div class=\"wp-block-columns is-layout-flex wp-container-core-columns-is-layout-9d6595d7 wp-block-columns-is-layout-flex\">\n<div class=\"wp-block-column is-layout-flow wp-block-column-is-layout-flow\">\n<div style=\"height:15px\" aria-hidden=\"true\" class=\"wp-block-spacer\"><\/div>\n\n\n\n<div style=\"height:15px\" aria-hidden=\"true\" class=\"wp-block-spacer\"><\/div>\n\n\n\n<h2 class=\"wp-block-heading\">Nuestra especialidad <\/h2>\n<\/div>\n<\/div>\n\n\n\n<h4 class=\"wp-block-heading\"><strong>Essential Services<\/strong><\/h4>\n\n\n\n<p>The quality of amenities can make or break a guest's stay. Key features include:<\/p>\n\n\n\n<ul class=\"wp-block-list\"><li><strong>Self Check In<\/strong> Provides guests with convenience and flexibility.<\/li><li><strong>Comfort<\/strong> Essentials like air conditioning, fans, and hot water. <\/li><li><strong>Connectivity<\/strong> : Reliable high-speed internet, such as Starlink.<\/li><li><strong>Fully Equipped Spaces<\/strong> Functional kitchen, washer, dryer, and a well-maintained pool.<\/li><\/ul>\n\n\n\n<div style=\"height:7px\" aria-hidden=\"true\" class=\"wp-block-spacer\"><\/div>\n\n\n\n<p class=\"has-text-align-center has-primary-color has-text-color has-large-font-size\"><strong><a href=\"https:\/\/www.airbnb.mx\/users\/show\/5291373\" data-type=\"URL\">Discover our accommodations and book with us<\/a><\/strong><\/p>\n\n\n\n<div style=\"height:7px\" aria-hidden=\"true\" class=\"wp-block-spacer\"><\/div>\n\n\n\n<figure class=\"wp-block-gallery columns-2 is-cropped coblocks-animate wp-block-gallery-5 is-layout-flex wp-block-gallery-is-layout-flex\" data-coblocks-animation=\"slideInLeft\"><ul class=\"blocks-gallery-grid\"><li class=\"blocks-gallery-item\"><figure><img loading=\"lazy\" decoding=\"async\" width=\"683\" height=\"1024\" src=\"https:\/\/terracosta.com.mx\/wp-content\/uploads\/2024\/11\/casa_gema_escondida_-0037_IB3A6040-2-683x1024.jpg\" alt=\"\" data-id=\"1301\" data-full-url=\"https:\/\/terracosta.com.mx\/wp-content\/uploads\/2024\/11\/casa_gema_escondida_-0037_IB3A6040-2-scaled.jpg\" data-link=\"https:\/\/terracosta.com.mx\/property-management-puerto-escondido\/casa_gema_escondida_-0037_ib3a6040-2\/\" class=\"wp-image-1301\" srcset=\"https:\/\/terracosta.com.mx\/wp-content\/uploads\/2024\/11\/casa_gema_escondida_-0037_IB3A6040-2-683x1024.jpg 683w, https:\/\/terracosta.com.mx\/wp-content\/uploads\/2024\/11\/casa_gema_escondida_-0037_IB3A6040-2-200x300.jpg 200w, https:\/\/terracosta.com.mx\/wp-content\/uploads\/2024\/11\/casa_gema_escondida_-0037_IB3A6040-2-768x1152.jpg 768w, https:\/\/terracosta.com.mx\/wp-content\/uploads\/2024\/11\/casa_gema_escondida_-0037_IB3A6040-2-1024x1536.jpg 1024w, https:\/\/terracosta.com.mx\/wp-content\/uploads\/2024\/11\/casa_gema_escondida_-0037_IB3A6040-2-scaled.jpg 1707w\" sizes=\"auto, (max-width: 683px) 100vw, 683px\" \/><\/figure><\/li><li class=\"blocks-gallery-item\"><figure><img loading=\"lazy\" decoding=\"async\" width=\"683\" height=\"1024\" src=\"https:\/\/terracosta.com.mx\/wp-content\/uploads\/2024\/11\/IMG_0409-683x1024.jpg\" alt=\"\" data-id=\"1277\" data-full-url=\"https:\/\/terracosta.com.mx\/wp-content\/uploads\/2024\/11\/IMG_0409.jpg\" data-link=\"https:\/\/terracosta.com.mx\/property-management-puerto-escondido\/img_0409\/\" class=\"wp-image-1277\" srcset=\"https:\/\/terracosta.com.mx\/wp-content\/uploads\/2024\/11\/IMG_0409-683x1024.jpg 683w, https:\/\/terracosta.com.mx\/wp-content\/uploads\/2024\/11\/IMG_0409-200x300.jpg 200w, https:\/\/terracosta.com.mx\/wp-content\/uploads\/2024\/11\/IMG_0409-768x1152.jpg 768w, https:\/\/terracosta.com.mx\/wp-content\/uploads\/2024\/11\/IMG_0409-1024x1536.jpg 1024w, https:\/\/terracosta.com.mx\/wp-content\/uploads\/2024\/11\/IMG_0409.jpg 1280w\" sizes=\"auto, (max-width: 683px) 100vw, 683px\" \/><\/figure><\/li><\/ul><\/figure>\n\n\n\n<div style=\"height:15px\" aria-hidden=\"true\" class=\"wp-block-spacer\"><\/div>\n\n\n\n<figure class=\"wp-block-gallery columns-2 is-cropped coblocks-animate wp-block-gallery-6 is-layout-flex wp-block-gallery-is-layout-flex\" data-coblocks-animation=\"slideInRight\"><ul class=\"blocks-gallery-grid\"><li class=\"blocks-gallery-item\"><figure><img loading=\"lazy\" decoding=\"async\" width=\"576\" height=\"1024\" src=\"https:\/\/terracosta.com.mx\/wp-content\/uploads\/2025\/01\/c7eca723-ec4b-40d6-960d-92343885f12e-576x1024.jpg\" alt=\"\" data-id=\"1946\" data-full-url=\"https:\/\/terracosta.com.mx\/wp-content\/uploads\/2025\/01\/c7eca723-ec4b-40d6-960d-92343885f12e.jpg\" data-link=\"https:\/\/terracosta.com.mx\/property-management-puerto-escondido\/c7eca723-ec4b-40d6-960d-92343885f12e\/\" class=\"wp-image-1946\" srcset=\"https:\/\/terracosta.com.mx\/wp-content\/uploads\/2025\/01\/c7eca723-ec4b-40d6-960d-92343885f12e-576x1024.jpg 576w, https:\/\/terracosta.com.mx\/wp-content\/uploads\/2025\/01\/c7eca723-ec4b-40d6-960d-92343885f12e-169x300.jpg 169w, https:\/\/terracosta.com.mx\/wp-content\/uploads\/2025\/01\/c7eca723-ec4b-40d6-960d-92343885f12e-768x1366.jpg 768w, https:\/\/terracosta.com.mx\/wp-content\/uploads\/2025\/01\/c7eca723-ec4b-40d6-960d-92343885f12e-864x1536.jpg 864w, https:\/\/terracosta.com.mx\/wp-content\/uploads\/2025\/01\/c7eca723-ec4b-40d6-960d-92343885f12e-7x12.jpg 7w, https:\/\/terracosta.com.mx\/wp-content\/uploads\/2025\/01\/c7eca723-ec4b-40d6-960d-92343885f12e.jpg 899w\" sizes=\"auto, (max-width: 576px) 100vw, 576px\" \/><\/figure><\/li><li class=\"blocks-gallery-item\"><figure><img loading=\"lazy\" decoding=\"async\" width=\"690\" height=\"1024\" src=\"https:\/\/terracosta.com.mx\/wp-content\/uploads\/2025\/01\/IMG_5142-690x1024.jpg\" alt=\"\" data-id=\"1948\" data-full-url=\"https:\/\/terracosta.com.mx\/wp-content\/uploads\/2025\/01\/IMG_5142.jpg\" data-link=\"https:\/\/terracosta.com.mx\/property-management-puerto-escondido\/img_5142-3\/\" class=\"wp-image-1948\" srcset=\"https:\/\/terracosta.com.mx\/wp-content\/uploads\/2025\/01\/IMG_5142-690x1024.jpg 690w, https:\/\/terracosta.com.mx\/wp-content\/uploads\/2025\/01\/IMG_5142-202x300.jpg 202w, https:\/\/terracosta.com.mx\/wp-content\/uploads\/2025\/01\/IMG_5142-768x1140.jpg 768w, https:\/\/terracosta.com.mx\/wp-content\/uploads\/2025\/01\/IMG_5142-1035x1536.jpg 1035w, https:\/\/terracosta.com.mx\/wp-content\/uploads\/2025\/01\/IMG_5142-8x12.jpg 8w, https:\/\/terracosta.com.mx\/wp-content\/uploads\/2025\/01\/IMG_5142.jpg 1179w\" sizes=\"auto, (max-width: 690px) 100vw, 690px\" \/><\/figure><\/li><\/ul><\/figure>\n\n\n\n<h4 class=\"wp-block-heading\"><strong>Quality Furnishings and Decor<\/strong><\/h4>\n\n\n\n<p>A well-appointed space enhances comfort. <\/p>\n\n\n\n<ul class=\"wp-block-list\"><li><strong>Modern, Well-Maintained Furniture: <\/strong>Functional and aesthetic decor reflects quality and attention to detail, elevating the guest experience. <\/li><li><strong>Extra Amenities: <\/strong>Items like an iron, hairdryer, water filter, cooler, and beach umbrella can exceed guest expectations.<\/li><\/ul>\n\n\n\n<div style=\"height:15px\" aria-hidden=\"true\" class=\"wp-block-spacer\"><\/div>\n\n\n\n<p class=\"has-text-align-center has-primary-color has-text-color has-large-font-size\"><strong><a href=\"https:\/\/wa.me\/message\/VROUHWUZTZMOI1\" data-type=\"URL\" data-id=\"https:\/\/wa.me\/message\/VROUHWUZTZMOI1\">Contact us and let's work together to maximize your property's potential.<\/a><\/strong><\/p>\n\n\n\n<div style=\"height:15px\" aria-hidden=\"true\" class=\"wp-block-spacer\"><\/div>\n\n\n\n<div class=\"wp-block-buttons is-content-justification-center is-layout-flex wp-block-buttons-is-layout-flex\">\n<div class=\"wp-block-button\"><a class=\"wp-block-button__link has-quaternary-color has-secondary-background-color has-text-color has-background\" href=\"https:\/\/wa.me\/message\/VROUHWUZTZMOI1\">Check our blog to know more<\/a><\/div>\n<\/div>\n\n\n\n<div style=\"height:15px\" aria-hidden=\"true\" class=\"wp-block-spacer\"><\/div>\n\n\n\n<h4 class=\"wp-block-heading\"><strong>Facility Maintenance<\/strong><\/h4>\n\n\n\n<p><\/p>\n\n\n\n<p>Proper facility maintenance is essential to ensure the smooth operation of your property and provide a hassle-free experience. Here are some key elements to guarantee efficient management.<\/p>\n\n\n\n<p><\/p>\n\n\n\n<h6 class=\"wp-block-heading\"><strong>Water and Sanitation Systems<\/strong><\/h6>\n\n\n\n<ul class=\"wp-block-list\"><li>Biodigesters and septic tanks <\/li><li>Biodigestores y Fosas S\u00e9pticas <\/li><li>Pumps and hydropneumatic systems.<\/li><\/ul>\n\n\n\n<h6 class=\"wp-block-heading\"><strong>Energy and Heating<\/strong><\/h6>\n\n\n\n<ul class=\"wp-block-list\"><li>Gas supply (stationary or delivery tank)<\/li><li>Water heaters (gas or electric)<\/li><\/ul>\n\n\n\n<h6 class=\"wp-block-heading\"><strong>Appliance Maintenance<\/strong><\/h6>\n\n\n\n<ul class=\"wp-block-list\"><li>Washers and dryers <\/li><li>Air conditioners <\/li><\/ul>\n\n\n\n<h6 class=\"wp-block-heading\"><strong>Outdoor Areas<\/strong><\/h6>\n\n\n\n<ul class=\"wp-block-list\"><li>Pool maintenance <\/li><li>Albercas <\/li><\/ul>\n\n\n\n<h6 class=\"wp-block-heading\"><strong>Resource Management<\/strong><\/h6>\n\n\n\n<ul class=\"wp-block-list\"><li>Monitoring utilities like electricity, internet, water, and sanitation equipment, along with supply procurement. <\/li><li>Inventory Purchasing <\/li><\/ul>\n\n\n\n<p class=\"has-text-align-center has-primary-color has-text-color has-large-font-size\"><strong><a href=\"https:\/\/wa.me\/message\/VROUHWUZTZMOI1\" data-type=\"URL\" data-id=\"https:\/\/wa.me\/message\/VROUHWUZTZMOI1\">Contact us and let's work together to maximize your property's potential.<\/a><\/strong><\/p>\n\n\n\n<p><\/p>\n\n\n\n<p><\/p>\n\n\n\n<p><\/p>\n\n\n\n<div style=\"height:15px\" aria-hidden=\"true\" class=\"wp-block-spacer\"><\/div>\n\n\n\n<h3 class=\"wp-block-heading\">Rates<\/h3>\n\n\n\n<p>We operate on a percentage of the revenue generated by each property, ensuring it aligns with the specific needs and requirements of the home.<\/p>\n\n\n\n<p><\/p>\n\n\n\n<p>We start with a personalized consultation to understand your residence and goals, creating a plan tailored to the property\u2019s needs to fully maximize its potential.<\/p>\n\n\n\n<div style=\"height:9px\" aria-hidden=\"true\" class=\"wp-block-spacer\"><\/div>\n\n\n\n<div class=\"wp-block-image\"><figure class=\"aligncenter size-full is-resized\"><img loading=\"lazy\" decoding=\"async\" src=\"https:\/\/terracosta.com.mx\/wp-content\/uploads\/2025\/01\/Updated_Image.png\" alt=\"\" class=\"wp-image-1934\" width=\"360\" height=\"333\"\/><\/figure><\/div>\n\n\n\n<p class=\"has-text-align-center has-primary-color has-text-color has-large-font-size\"><strong><a href=\"https:\/\/wa.me\/message\/VROUHWUZTZMOI1\">Contact us and let's work together to maximize your property's potential.<\/a><\/strong><\/p>\n\n\n\n<div style=\"height:9px\" aria-hidden=\"true\" class=\"wp-block-spacer\"><\/div>\n\n\n\n<div class=\"wp-block-buttons is-content-justification-center is-layout-flex wp-block-buttons-is-layout-flex\">\n<div class=\"wp-block-button\"><a class=\"wp-block-button__link has-quaternary-color has-secondary-background-color has-text-color has-background\" href=\"https:\/\/terracosta.com.mx\/en\/blog-terracosta-puerto-escondido\/\">Check our blog to know more<\/a><\/div>\n<\/div>\n\n\n\n<div style=\"height:15px\" aria-hidden=\"true\" class=\"wp-block-spacer\"><\/div>\n\n\n\n<div style=\"height:15px\" aria-hidden=\"true\" class=\"wp-block-spacer\"><\/div>\n\n\n\n<p><\/p>","protected":false},"excerpt":{"rendered":"<p>En Puerto Escondido, administrar una propiedad implica m\u00e1s que simplemente ofrecer un espacio acogedor. La clave del \u00e9xito radica en garantizar una experiencia excepcional para los hu\u00e9spedes, mientras se mantiene la propiedad en perfectas condiciones. Nos ocupamos de cada detalle para que, sin mover un dedo, puedas ver c\u00f3mo crece tu retorno mientras tus hu\u00e9spedes&#8230;<\/p>","protected":false},"author":1,"featured_media":0,"parent":0,"menu_order":9,"comment_status":"closed","ping_status":"closed","template":"","meta":{"_kad_post_transparent":"","_kad_post_title":"","_kad_post_layout":"","_kad_post_sidebar_id":"","_kad_post_content_style":"","_kad_post_vertical_padding":"","_kad_post_feature":"","_kad_post_feature_position":"","_kad_post_header":false,"_kad_post_footer":false,"_kad_post_classname":"","footnotes":""},"class_list":["post-171","page","type-page","status-publish","hentry"],"_links":{"self":[{"href":"https:\/\/terracosta.com.mx\/en\/wp-json\/wp\/v2\/pages\/171","targetHints":{"allow":["GET"]}}],"collection":[{"href":"https:\/\/terracosta.com.mx\/en\/wp-json\/wp\/v2\/pages"}],"about":[{"href":"https:\/\/terracosta.com.mx\/en\/wp-json\/wp\/v2\/types\/page"}],"author":[{"embeddable":true,"href":"https:\/\/terracosta.com.mx\/en\/wp-json\/wp\/v2\/users\/1"}],"replies":[{"embeddable":true,"href":"https:\/\/terracosta.com.mx\/en\/wp-json\/wp\/v2\/comments?post=171"}],"version-history":[{"count":0,"href":"https:\/\/terracosta.com.mx\/en\/wp-json\/wp\/v2\/pages\/171\/revisions"}],"wp:attachment":[{"href":"https:\/\/terracosta.com.mx\/en\/wp-json\/wp\/v2\/media?parent=171"}],"curies":[{"name":"wp","href":"https:\/\/api.w.org\/{rel}","templated":true}]}}